{"id":1885,"date":"2018-03-16T08:17:09","date_gmt":"2018-03-16T07:17:09","guid":{"rendered":"http:\/\/deffmrerwebp01.roedl.org\/renerex\/?page_id=1885"},"modified":"2018-04-17T03:23:12","modified_gmt":"2018-04-17T01:23:12","slug":"projekt-gespeichert","status":"publish","type":"page","link":"https:\/\/www.renerex.com\/de\/projekt-gespeichert\/","title":{"rendered":"Projekt gespeichert"},"content":{"rendered":"<p>Ihr Projekt wurde erfolgreich gespeichert.<\/p>\n<p>Derzeit ist Ihr Projekt als Entwurf gespeichert. Sie finden es auf Ihrem Cockpit und k\u00f6nnen jederzeit weitere \u00c4nderungen durchf\u00fchren.<\/p>\n<p>Um das Projekt zu publizieren, klicken Sie bitte auf &#8220;Publizierung beantragen&#8221; auf der Vorschau-Seite Ihres Projekts.<\/p>\n","protected":false},"excerpt":{"rendered":"<p>Ihr Projekt wurde erfolgreich gespeichert. Derzeit ist Ihr Projekt als Entwurf gespeichert. Sie finden es auf Ihrem Cockpit und k\u00f6nnen jederzeit weitere \u00c4nderungen durchf\u00fchren. Um das Projekt zu publizieren, klicken Sie bitte auf &#8220;Publizierung beantragen&#8221; auf der Vorschau-Seite Ihres Projekts.<\/p>\n","protected":false},"author":326,"featured_media":0,"parent":0,"menu_order":0,"comment_status":"closed","ping_status":"closed","template":"template-standard.php","meta":{"_acf_changed":false,"_exactmetrics_skip_tracking":false,"_exactmetrics_sitenote_active":false,"_exactmetrics_sitenote_note":"","_exactmetrics_sitenote_category":0,"footnotes":""},"class_list":["post-1885","page","type-page","status-publish","hentry"],"acf":[],"yoast_head":"<!-- This site is optimized with the Yoast SEO plugin v27.5 - https:\/\/yoast.com\/product\/yoast-seo-wordpress\/ -->\n<title>Projekt gespeichert : Renerex: Renewable Energy Exchange<\/title>\n<meta name=\"description\" content=\"With RENEREX R\u00f6dl &amp; Partner provides a platform for a secure exchange of project information between investors and project developers \/ project vendors. Thereby the project developers \/ project vendors stay in control on which information is shared with potential investors and investors have the possibility to search specifically for a particular technology or country.\" \/>\n<meta name=\"robots\" content=\"index, follow, max-snippet:-1, max-image-preview:large, max-video-preview:-1\" \/>\n<link rel=\"canonical\" href=\"https:\/\/www.renerex.com\/de\/projekt-gespeichert\/\" \/>\n<meta property=\"og:locale\" content=\"de_DE\" \/>\n<meta property=\"og:type\" content=\"article\" \/>\n<meta property=\"og:title\" content=\"Projekt gespeichert : Renerex: Renewable Energy Exchange\" \/>\n<meta property=\"og:description\" content=\"With RENEREX R\u00f6dl &amp; Partner provides a platform for a secure exchange of project information between investors and project developers \/ project vendors. Thereby the project developers \/ project vendors stay in control on which information is shared with potential investors and investors have the possibility to search specifically for a particular technology or country.\" \/>\n<meta property=\"og:url\" content=\"https:\/\/www.renerex.com\/de\/projekt-gespeichert\/\" \/>\n<meta property=\"og:site_name\" content=\"Renerex: Renewable Energy Exchange\" \/>\n<meta property=\"article:modified_time\" content=\"2018-04-17T01:23:12+00:00\" \/>\n<meta name=\"twitter:card\" content=\"summary_large_image\" \/>\n<script type=\"application\/ld+json\" class=\"yoast-schema-graph\">{\"@context\":\"https:\\\/\\\/schema.org\",\"@graph\":[{\"@type\":\"WebPage\",\"@id\":\"https:\\\/\\\/www.renerex.com\\\/de\\\/projekt-gespeichert\\\/\",\"url\":\"https:\\\/\\\/www.renerex.com\\\/de\\\/projekt-gespeichert\\\/\",\"name\":\"Projekt gespeichert : Renerex: Renewable Energy Exchange\",\"isPartOf\":{\"@id\":\"https:\\\/\\\/www.renerex.com\\\/#website\"},\"datePublished\":\"2018-03-16T07:17:09+00:00\",\"dateModified\":\"2018-04-17T01:23:12+00:00\",\"description\":\"With RENEREX R\u00f6dl & Partner provides a platform for a secure exchange of project information between investors and project developers \\\/ project vendors. Thereby the project developers \\\/ project vendors stay in control on which information is shared with potential investors and investors have the possibility to search specifically for a particular technology or country.\",\"breadcrumb\":{\"@id\":\"https:\\\/\\\/www.renerex.com\\\/de\\\/projekt-gespeichert\\\/#breadcrumb\"},\"inLanguage\":\"de\",\"potentialAction\":[{\"@type\":\"ReadAction\",\"target\":[\"https:\\\/\\\/www.renerex.com\\\/de\\\/projekt-gespeichert\\\/\"]}]},{\"@type\":\"BreadcrumbList\",\"@id\":\"https:\\\/\\\/www.renerex.com\\\/de\\\/projekt-gespeichert\\\/#breadcrumb\",\"itemListElement\":[{\"@type\":\"ListItem\",\"position\":1,\"name\":\"Home\",\"item\":\"https:\\\/\\\/www.renerex.com\\\/de\\\/\"},{\"@type\":\"ListItem\",\"position\":2,\"name\":\"Projekt gespeichert\"}]},{\"@type\":\"WebSite\",\"@id\":\"https:\\\/\\\/www.renerex.com\\\/#website\",\"url\":\"https:\\\/\\\/www.renerex.com\\\/\",\"name\":\"Renerex: Renewable Energy Exchange\",\"description\":\"R\u00f6dl &amp; Partner\",\"potentialAction\":[{\"@type\":\"SearchAction\",\"target\":{\"@type\":\"EntryPoint\",\"urlTemplate\":\"https:\\\/\\\/www.renerex.com\\\/?s={search_term_string}\"},\"query-input\":{\"@type\":\"PropertyValueSpecification\",\"valueRequired\":true,\"valueName\":\"search_term_string\"}}],\"inLanguage\":\"de\"}]}<\/script>\n<!-- \/ Yoast SEO plugin. -->","yoast_head_json":{"title":"Projekt gespeichert : Renerex: Renewable Energy Exchange","description":"With RENEREX R\u00f6dl & Partner provides a platform for a secure exchange of project information between investors and project developers \/ project vendors. Thereby the project developers \/ project vendors stay in control on which information is shared with potential investors and investors have the possibility to search specifically for a particular technology or country.","robots":{"index":"index","follow":"follow","max-snippet":"max-snippet:-1","max-image-preview":"max-image-preview:large","max-video-preview":"max-video-preview:-1"},"canonical":"https:\/\/www.renerex.com\/de\/projekt-gespeichert\/","og_locale":"de_DE","og_type":"article","og_title":"Projekt gespeichert : Renerex: Renewable Energy Exchange","og_description":"With RENEREX R\u00f6dl & Partner provides a platform for a secure exchange of project information between investors and project developers \/ project vendors. Thereby the project developers \/ project vendors stay in control on which information is shared with potential investors and investors have the possibility to search specifically for a particular technology or country.","og_url":"https:\/\/www.renerex.com\/de\/projekt-gespeichert\/","og_site_name":"Renerex: Renewable Energy Exchange","article_modified_time":"2018-04-17T01:23:12+00:00","twitter_card":"summary_large_image","schema":{"@context":"https:\/\/schema.org","@graph":[{"@type":"WebPage","@id":"https:\/\/www.renerex.com\/de\/projekt-gespeichert\/","url":"https:\/\/www.renerex.com\/de\/projekt-gespeichert\/","name":"Projekt gespeichert : Renerex: Renewable Energy Exchange","isPartOf":{"@id":"https:\/\/www.renerex.com\/#website"},"datePublished":"2018-03-16T07:17:09+00:00","dateModified":"2018-04-17T01:23:12+00:00","description":"With RENEREX R\u00f6dl & Partner provides a platform for a secure exchange of project information between investors and project developers \/ project vendors. Thereby the project developers \/ project vendors stay in control on which information is shared with potential investors and investors have the possibility to search specifically for a particular technology or country.","breadcrumb":{"@id":"https:\/\/www.renerex.com\/de\/projekt-gespeichert\/#breadcrumb"},"inLanguage":"de","potentialAction":[{"@type":"ReadAction","target":["https:\/\/www.renerex.com\/de\/projekt-gespeichert\/"]}]},{"@type":"BreadcrumbList","@id":"https:\/\/www.renerex.com\/de\/projekt-gespeichert\/#breadcrumb","itemListElement":[{"@type":"ListItem","position":1,"name":"Home","item":"https:\/\/www.renerex.com\/de\/"},{"@type":"ListItem","position":2,"name":"Projekt gespeichert"}]},{"@type":"WebSite","@id":"https:\/\/www.renerex.com\/#website","url":"https:\/\/www.renerex.com\/","name":"Renerex: Renewable Energy Exchange","description":"R\u00f6dl &amp; Partner","potentialAction":[{"@type":"SearchAction","target":{"@type":"EntryPoint","urlTemplate":"https:\/\/www.renerex.com\/?s={search_term_string}"},"query-input":{"@type":"PropertyValueSpecification","valueRequired":true,"valueName":"search_term_string"}}],"inLanguage":"de"}]}},"_links":{"self":[{"href":"https:\/\/www.renerex.com\/de\/wp-json\/wp\/v2\/pages\/1885","targetHints":{"allow":["GET"]}}],"collection":[{"href":"https:\/\/www.renerex.com\/de\/wp-json\/wp\/v2\/pages"}],"about":[{"href":"https:\/\/www.renerex.com\/de\/wp-json\/wp\/v2\/types\/page"}],"author":[{"embeddable":true,"href":"https:\/\/www.renerex.com\/de\/wp-json\/wp\/v2\/users\/326"}],"replies":[{"embeddable":true,"href":"https:\/\/www.renerex.com\/de\/wp-json\/wp\/v2\/comments?post=1885"}],"version-history":[{"count":0,"href":"https:\/\/www.renerex.com\/de\/wp-json\/wp\/v2\/pages\/1885\/revisions"}],"wp:attachment":[{"href":"https:\/\/www.renerex.com\/de\/wp-json\/wp\/v2\/media?parent=1885"}],"curies":[{"name":"wp","href":"https:\/\/api.w.org\/{rel}","templated":true}]}}