{"id":5,"date":"2018-01-02T08:30:46","date_gmt":"2018-01-02T07:30:46","guid":{"rendered":"http:\/\/deffmrerwebp01.roedl.org\/renerex\/?page_id=5"},"modified":"2020-06-25T11:45:02","modified_gmt":"2020-06-25T09:45:02","slug":"ueber-renerex","status":"publish","type":"page","link":"https:\/\/www.renerex.com\/de\/ueber-renerex\/","title":{"rendered":"\u00dcber RENEREX"},"content":{"rendered":"<p><strong>Was ist RENEREX?<\/strong><\/p>\n<p>Mit RENEREX stellt R\u00f6dl &amp; Partner Projektentwicklern \/ Projektverk\u00e4ufern, Investoren sowie PPA Abnehmern eine Plattform zum sicheren Austausch von Projekt- bzw. Kontaktinformationen zur Verf\u00fcgung. Dabei behalten Projektentwickler \/ Projektverk\u00e4ufer die volle Kontrolle dar\u00fcber, welche Informationen sie mit welchem potenziellen Investor oder PPA Abnehmer teilen m\u00f6chten und diese haben die M\u00f6glichkeit Projekte gezielt nach Technologie und Land zu suchen.<\/p>\n<p>RENEREX steht Projektentwicklern \/ Projektverk\u00e4ufern, Investoren und PPA Abnehmern weltweit zur Verf\u00fcgung und stellt Links zu Informationen \u00fcber EE-F\u00f6rderprogramme zur Verf\u00fcgung, die Technologie-, L\u00e4nder- und Kreditrisiken reduzieren k\u00f6nnen. Damit leistet R\u00f6dl &amp; Partner einen Beitrag zur St\u00e4rkung der Erneuerbaren Energien auf internationalen M\u00e4rkten.<\/p>\n<p>Ausf\u00fchrliche Informationen zu der Funktionsweise von Renerex erhalten Sie auch <a href=\"https:\/\/www.roedl.de\/erneuerbare-energien\/renerex\"><strong>hier<\/strong><\/a>.<\/p>\n<p><strong>Wie l\u00e4uft der Anmeldeprozess ab?<\/strong><\/p>\n<p><strong>1. Geben Sie Ihre Daten ein <\/strong>(abh\u00e4ngig von der Wahl Ihrer Rolle: \u201eEntwickler\/Projektverk\u00e4ufer\u201c, \u201eInvestor\u201c oder &#8220;PPA Abnehmer&#8221;)<\/p>\n<ul>\n<li>Klicken Sie auf \u201eRegistrierung\u201c auf der RENEREX Startseite<\/li>\n<li>Geben Sie Ihre pers\u00f6nlichen Daten ein<\/li>\n<li>Geben Sie Informationen zu Ihrem Unternehmen ein<\/li>\n<li>W\u00e4hlen Sie den Sektor der erneuerbaren Energien, der f\u00fcr Sie von Interesse ist \/ bzw. in dem Ihr Unternehmen t\u00e4tig ist<\/li>\n<li>Geben Sie Ihr Einverst\u00e4ndnis zur Datenschutzerkl\u00e4rung und zu den Nutzungsbedingungen. Legen Sie danach Ihr Benutzerpasswort fest<\/li>\n<li><strong>Klicken Sie auf \u201eRegistrieren\u201c<\/strong><\/li>\n<\/ul>\n<p><strong>2. Best\u00e4tigen Sie Ihre E-Mail Adresse<\/strong><\/p>\n<p>Sie werden eine E-Mail erhalten zur Best\u00e4tigung Ihrer E-Mail-Adresse. Sollten Sie diese E-Mail nicht erhalten, \u00fcberpr\u00fcfen Sie bitte Ihren SPAM-Ordner oder kontaktieren Sie uns \u00fcber das Kontaktformular &#8211; aufrufbar durch Anklicken des Reiters \u201eKontakt\u201c auf der Startseite.<\/p>\n<p><strong>3. Plausibilit\u00e4tscheck durch R\u00f6dl &amp; Partner<\/strong><\/p>\n<ul>\n<li>Identit\u00e4tscheck der registrierten PPA Abnehmer, Investoren und Entwickler \/ Projektverk\u00e4ufer durch die Experten von R\u00f6dl &amp; Partner<\/li>\n<li>Unseri\u00f6se Anmeldungen werden abgelehnt, um das Vertrauen unter den Akteuren auf der Plattform zu erh\u00f6hen<\/li>\n<\/ul>\n<p><strong>4. Best\u00e4tigungsmail<\/strong><\/p>\n<p><strong>\u00a0<\/strong>Nach dem Plausibilit\u00e4tscheck erhalten Sie eine Best\u00e4tigungsmail \u00fcber die erfolgreiche Aktivierung Ihres Benutzerkontos.<\/p>\n<p><strong>Projektentwickler \/ Projektverk\u00e4ufer:<\/strong><\/p>\n<p><strong>1. Erstellen Sie Ihr Projekt auf RENEREX<\/strong><strong>\u00a0<\/strong><\/p>\n<ul>\n<li>Geben Sie Ihre Projektdaten ein<\/li>\n<li>W\u00e4hlen Sie aus, ob Ihre Daten f\u00fcr alle Investoren sichtbar sein sollen (\u201e\u00d6ffentlich\u201c) oder erst nach Anfrage (\u201eVertraulich\u201c)<\/li>\n<li>Laden Sie zus\u00e4tzliche Brosch\u00fcren oder Projektteaser nach eigenem Belieben hoch<\/li>\n<li>Speichern Sie Ihr Projekt (Auf Button klicken!). Nun erscheint das Projekt in Ihrem Cockpit und ist momentan nur f\u00fcr Sie sichtbar<strong>\u00a0<\/strong><\/li>\n<\/ul>\n<p><strong>2. \u00c4nderungen an Ihrem Projekt<\/strong><strong>\u00a0<\/strong><\/p>\n<p>Bevor Sie die Ver\u00f6ffentlichung Ihres Projekts beantragen, ist es Ihnen jederzeit m\u00f6glich es zu bearbeiten. Dazu brauchen Sie nur auf \u201eBearbeiten\u201c zu klicken und die \u00c4nderungen vorzunehmen.<\/p>\n<p><strong>3. Plausibilit\u00e4tscheck<\/strong><strong>\u00a0<\/strong><\/p>\n<p>Bitte klicken Sie in Ihrem Cockpit auf \u201eVorschau\/Publizieren\u201c und danach auf \u201ePublizierung beantragen\u201c. Nach diesem Schritt werden Experten von R\u00f6dl &amp; Partner einen kurzen Plausibilit\u00e4tscheck Ihres Projekts vornehmen. Im Verlauf dieses Prozesses k\u00f6nnen Sie keine \u00c4nderungen an Ihrem Projekt durchf\u00fchren.<\/p>\n<p><strong>4. Best\u00e4tigungsmail<\/strong><strong>\u00a0<\/strong><\/p>\n<p>Nachdem Ihr Projekt freigegeben wurde, erhalten Sie eine Best\u00e4tigungsmail. Nun ist Ihr Projekt f\u00fcr alle Investoren auf RENEREX sichtbar. Sollte Ihr Projekt hingegen abgelehnt worden sein, erhalten Sie dazu ebenfalls eine Best\u00e4tigungsmail.<\/p>\n<p><strong>Investor:<\/strong><strong>\u00a0<\/strong><\/p>\n<p><strong>1. Finden interessanter Projekte<\/strong><strong>\u00a0<\/strong><\/p>\n<p>Wenn Sie ein interessantes Projekt in Ihrem Cockpit sehen, klicken Sie auf dieses, um weitere Informationen zu erhalten. Derzeit k\u00f6nnen Sie nur Projektdaten einsehen, die gr\u00fcn (Informationsstufe \u201e\u00d6ffentlich\u201c) markiert wurden.<\/p>\n<p><strong>2. Zugang zu Vertraulichen Informationen<\/strong><\/p>\n<p>Wenn Sie daran interessiert sind, Projektdaten, die vom Entwickler\/Projektverk\u00e4ufer als \u201eVertraulich\u201c (markiert in rot) eingestuft wurden, einzusehen, klicken Sie bitte auf \u201eZugang zur vertraulichen Informationsstufe beantragen\u201c. Nun erh\u00e4lt der Entwickler\/Projektverk\u00e4ufer Ihre Anfrage und entscheidet, ob er Ihnen die Erlaubnis erteilt, seine vertraulichen Daten einzusehen.<\/p>\n<p><strong>3. Best\u00e4tigungsmail<\/strong><strong>\u00a0<\/strong><\/p>\n<p>Abh\u00e4ngig von der Entscheidung des Entwicklers\/Projektverk\u00e4ufers werden Sie eine Mail erhalten, die Ihnen best\u00e4tigt, dass Ihnen der Zugang gew\u00e4hrt bzw. verweigert wurde.<\/p>\n<p><strong>PPA Abnehmer:<\/strong><strong>\u00a0<\/strong><\/p>\n<p><strong>1. Finden interessanter PPA-Projekte<\/strong><strong>\u00a0<\/strong><\/p>\n<p>Wenn Sie ein interessantes Projekt in Ihrem Cockpit sehen, klicken Sie auf dieses, um weitere Informationen zu erhalten. Sie k\u00f6nnen nur Projektdaten einsehen, die gr\u00fcn (Informationsstufe \u201e\u00d6ffentlich\u201c) markiert wurden.<\/p>\n<p><strong>2. Zugang zu Kontaktinformationen<\/strong><\/p>\n<p>Wenn Sie Kontaktinformationen des Entwicklers\/Projektverk\u00e4ufers f\u00fcr ein interessantes PPA-Projekt erhalten m\u00f6chten, klicken Sie bitte auf \u201eKontaktinformationen beantragen\u201c. Nun erh\u00e4lt der Entwickler\/Projektverk\u00e4ufer Ihre Anfrage und entscheidet, ob er an einem Austausch interessiert ist und gibt Ihnen gegebenenfalls seine Kontaktinformationen frei.<\/p>\n<p><strong>3. Best\u00e4tigungsmail<\/strong><strong>\u00a0<\/strong><\/p>\n<p>Abh\u00e4ngig von der Entscheidung des Entwicklers\/Projektverk\u00e4ufers erhalten Sie entweder eine E-Mail mit den relevanten Kontaktinformationen oder eine Mitteilung, dass Ihnen der Zugang zu den Kontaktinformationen verweigert wurde.<\/p>\n<p><strong>Gehe ich mit der Anmeldung irgendeine Verpflichtung ein oder erwarten mich Geb\u00fchren jeglicher Art?<\/strong><\/p>\n<p>Nein! Weder durch die Registrierung als Investor oder Projektentwickler \/ Projektverk\u00e4ufer, noch durch die Anlage von Projekten oder der Anfrage von tiefergehenden Informationen von Projekten gehen Sie irgendeine Verpflichtung ein. R\u00f6dl &amp; Partner verlangt auch keine Geb\u00fchren f\u00fcr die Nutzung von RENEREX.<\/p>\n<p>Selbstverst\u00e4ndlich stehen wir Ihnen bei Bedarf f\u00fcr die Planung und Durchf\u00fchrung Ihrer Projekte mit <strong>fach\u00fcbergreifendem Wissen aus unserem weltweiten Team<\/strong>\u00a0zur Seite.<\/p>\n<p>Ihre Daten werden von uns selbstverst\u00e4ndlich lediglich f\u00fcr den Registrierungsprozess verwendet und es erfolgt keine Weitergabe oder Weiterverwertung durch Dritte!<\/p>\n","protected":false},"excerpt":{"rendered":"<p>Was ist RENEREX? Mit RENEREX stellt R\u00f6dl &amp; Partner Projektentwicklern \/ Projektverk\u00e4ufern, Investoren sowie PPA Abnehmern eine Plattform zum sicheren Austausch von Projekt- bzw. Kontaktinformationen zur Verf\u00fcgung. Dabei behalten Projektentwickler \/ Projektverk\u00e4ufer die volle Kontrolle dar\u00fcber, welche Informationen sie mit welchem potenziellen Investor oder PPA Abnehmer teilen m\u00f6chten und diese haben die M\u00f6glichkeit Projekte gezielt [&hellip;]<\/p>\n","protected":false},"author":326,"featured_media":0,"parent":0,"menu_order":0,"comment_status":"closed","ping_status":"closed","template":"template-standard.php","meta":{"_acf_changed":false,"_exactmetrics_skip_tracking":false,"_exactmetrics_sitenote_active":false,"_exactmetrics_sitenote_note":"","_exactmetrics_sitenote_category":0,"footnotes":""},"class_list":["post-5","page","type-page","status-publish","hentry"],"acf":[],"yoast_head":"<!-- This site is optimized with the Yoast SEO plugin v27.5 - https:\/\/yoast.com\/product\/yoast-seo-wordpress\/ -->\n<title>\u00dcber RENEREX : Renerex: Renewable Energy Exchange<\/title>\n<meta name=\"description\" content=\"With RENEREX R\u00f6dl &amp; Partner provides a platform for a secure exchange of project information between investors and project developers \/ project vendors. Thereby the project developers \/ project vendors stay in control on which information is shared with potential investors and investors have the possibility to search specifically for a particular technology or country.\" \/>\n<meta name=\"robots\" content=\"index, follow, max-snippet:-1, max-image-preview:large, max-video-preview:-1\" \/>\n<link rel=\"canonical\" href=\"https:\/\/www.renerex.com\/de\/ueber-renerex\/\" \/>\n<meta property=\"og:locale\" content=\"de_DE\" \/>\n<meta property=\"og:type\" content=\"article\" \/>\n<meta property=\"og:title\" content=\"\u00dcber RENEREX : Renerex: Renewable Energy Exchange\" \/>\n<meta property=\"og:description\" content=\"With RENEREX R\u00f6dl &amp; Partner provides a platform for a secure exchange of project information between investors and project developers \/ project vendors. Thereby the project developers \/ project vendors stay in control on which information is shared with potential investors and investors have the possibility to search specifically for a particular technology or country.\" \/>\n<meta property=\"og:url\" content=\"https:\/\/www.renerex.com\/de\/ueber-renerex\/\" \/>\n<meta property=\"og:site_name\" content=\"Renerex: Renewable Energy Exchange\" \/>\n<meta property=\"article:modified_time\" content=\"2020-06-25T09:45:02+00:00\" \/>\n<meta name=\"twitter:card\" content=\"summary_large_image\" \/>\n<meta name=\"twitter:label1\" content=\"Gesch\u00e4tzte Lesezeit\" \/>\n\t<meta name=\"twitter:data1\" content=\"4\u00a0Minuten\" \/>\n<script type=\"application\/ld+json\" class=\"yoast-schema-graph\">{\"@context\":\"https:\\\/\\\/schema.org\",\"@graph\":[{\"@type\":\"WebPage\",\"@id\":\"https:\\\/\\\/www.renerex.com\\\/de\\\/ueber-renerex\\\/\",\"url\":\"https:\\\/\\\/www.renerex.com\\\/de\\\/ueber-renerex\\\/\",\"name\":\"\u00dcber RENEREX : Renerex: Renewable Energy Exchange\",\"isPartOf\":{\"@id\":\"https:\\\/\\\/www.renerex.com\\\/#website\"},\"datePublished\":\"2018-01-02T07:30:46+00:00\",\"dateModified\":\"2020-06-25T09:45:02+00:00\",\"description\":\"With RENEREX R\u00f6dl & Partner provides a platform for a secure exchange of project information between investors and project developers \\\/ project vendors. Thereby the project developers \\\/ project vendors stay in control on which information is shared with potential investors and investors have the possibility to search specifically for a particular technology or country.\",\"breadcrumb\":{\"@id\":\"https:\\\/\\\/www.renerex.com\\\/de\\\/ueber-renerex\\\/#breadcrumb\"},\"inLanguage\":\"de\",\"potentialAction\":[{\"@type\":\"ReadAction\",\"target\":[\"https:\\\/\\\/www.renerex.com\\\/de\\\/ueber-renerex\\\/\"]}]},{\"@type\":\"BreadcrumbList\",\"@id\":\"https:\\\/\\\/www.renerex.com\\\/de\\\/ueber-renerex\\\/#breadcrumb\",\"itemListElement\":[{\"@type\":\"ListItem\",\"position\":1,\"name\":\"Home\",\"item\":\"https:\\\/\\\/www.renerex.com\\\/de\\\/\"},{\"@type\":\"ListItem\",\"position\":2,\"name\":\"\u00dcber RENEREX\"}]},{\"@type\":\"WebSite\",\"@id\":\"https:\\\/\\\/www.renerex.com\\\/#website\",\"url\":\"https:\\\/\\\/www.renerex.com\\\/\",\"name\":\"Renerex: Renewable Energy Exchange\",\"description\":\"R\u00f6dl &amp; Partner\",\"potentialAction\":[{\"@type\":\"SearchAction\",\"target\":{\"@type\":\"EntryPoint\",\"urlTemplate\":\"https:\\\/\\\/www.renerex.com\\\/?s={search_term_string}\"},\"query-input\":{\"@type\":\"PropertyValueSpecification\",\"valueRequired\":true,\"valueName\":\"search_term_string\"}}],\"inLanguage\":\"de\"}]}<\/script>\n<!-- \/ Yoast SEO plugin. -->","yoast_head_json":{"title":"\u00dcber RENEREX : Renerex: Renewable Energy Exchange","description":"With RENEREX R\u00f6dl & Partner provides a platform for a secure exchange of project information between investors and project developers \/ project vendors. Thereby the project developers \/ project vendors stay in control on which information is shared with potential investors and investors have the possibility to search specifically for a particular technology or country.","robots":{"index":"index","follow":"follow","max-snippet":"max-snippet:-1","max-image-preview":"max-image-preview:large","max-video-preview":"max-video-preview:-1"},"canonical":"https:\/\/www.renerex.com\/de\/ueber-renerex\/","og_locale":"de_DE","og_type":"article","og_title":"\u00dcber RENEREX : Renerex: Renewable Energy Exchange","og_description":"With RENEREX R\u00f6dl & Partner provides a platform for a secure exchange of project information between investors and project developers \/ project vendors. Thereby the project developers \/ project vendors stay in control on which information is shared with potential investors and investors have the possibility to search specifically for a particular technology or country.","og_url":"https:\/\/www.renerex.com\/de\/ueber-renerex\/","og_site_name":"Renerex: Renewable Energy Exchange","article_modified_time":"2020-06-25T09:45:02+00:00","twitter_card":"summary_large_image","twitter_misc":{"Gesch\u00e4tzte Lesezeit":"4\u00a0Minuten"},"schema":{"@context":"https:\/\/schema.org","@graph":[{"@type":"WebPage","@id":"https:\/\/www.renerex.com\/de\/ueber-renerex\/","url":"https:\/\/www.renerex.com\/de\/ueber-renerex\/","name":"\u00dcber RENEREX : Renerex: Renewable Energy Exchange","isPartOf":{"@id":"https:\/\/www.renerex.com\/#website"},"datePublished":"2018-01-02T07:30:46+00:00","dateModified":"2020-06-25T09:45:02+00:00","description":"With RENEREX R\u00f6dl & Partner provides a platform for a secure exchange of project information between investors and project developers \/ project vendors. Thereby the project developers \/ project vendors stay in control on which information is shared with potential investors and investors have the possibility to search specifically for a particular technology or country.","breadcrumb":{"@id":"https:\/\/www.renerex.com\/de\/ueber-renerex\/#breadcrumb"},"inLanguage":"de","potentialAction":[{"@type":"ReadAction","target":["https:\/\/www.renerex.com\/de\/ueber-renerex\/"]}]},{"@type":"BreadcrumbList","@id":"https:\/\/www.renerex.com\/de\/ueber-renerex\/#breadcrumb","itemListElement":[{"@type":"ListItem","position":1,"name":"Home","item":"https:\/\/www.renerex.com\/de\/"},{"@type":"ListItem","position":2,"name":"\u00dcber RENEREX"}]},{"@type":"WebSite","@id":"https:\/\/www.renerex.com\/#website","url":"https:\/\/www.renerex.com\/","name":"Renerex: Renewable Energy Exchange","description":"R\u00f6dl &amp; Partner","potentialAction":[{"@type":"SearchAction","target":{"@type":"EntryPoint","urlTemplate":"https:\/\/www.renerex.com\/?s={search_term_string}"},"query-input":{"@type":"PropertyValueSpecification","valueRequired":true,"valueName":"search_term_string"}}],"inLanguage":"de"}]}},"_links":{"self":[{"href":"https:\/\/www.renerex.com\/de\/wp-json\/wp\/v2\/pages\/5","targetHints":{"allow":["GET"]}}],"collection":[{"href":"https:\/\/www.renerex.com\/de\/wp-json\/wp\/v2\/pages"}],"about":[{"href":"https:\/\/www.renerex.com\/de\/wp-json\/wp\/v2\/types\/page"}],"author":[{"embeddable":true,"href":"https:\/\/www.renerex.com\/de\/wp-json\/wp\/v2\/users\/326"}],"replies":[{"embeddable":true,"href":"https:\/\/www.renerex.com\/de\/wp-json\/wp\/v2\/comments?post=5"}],"version-history":[{"count":4,"href":"https:\/\/www.renerex.com\/de\/wp-json\/wp\/v2\/pages\/5\/revisions"}],"predecessor-version":[{"id":3893,"href":"https:\/\/www.renerex.com\/de\/wp-json\/wp\/v2\/pages\/5\/revisions\/3893"}],"wp:attachment":[{"href":"https:\/\/www.renerex.com\/de\/wp-json\/wp\/v2\/media?parent=5"}],"curies":[{"name":"wp","href":"https:\/\/api.w.org\/{rel}","templated":true}]}}