{"id":54,"date":"2018-01-03T04:29:00","date_gmt":"2018-01-03T03:29:00","guid":{"rendered":"http:\/\/deffmrerwebp01.roedl.org\/renerex\/?page_id=54"},"modified":"2018-06-19T05:51:20","modified_gmt":"2018-06-19T03:51:20","slug":"impressum","status":"publish","type":"page","link":"https:\/\/www.renerex.com\/de\/impressum\/","title":{"rendered":"Impressum"},"content":{"rendered":"<p dir=\"LTR\" align=\"LEFT\">Angaben nach \u00a7 5 Telemediengesetz (German Telemedia Act):<\/p>\n<p dir=\"LTR\" align=\"LEFT\"><strong>Anbieter:<\/strong><\/p>\n<p dir=\"LTR\" align=\"LEFT\"><strong>R\u00f6dl IT-Consulting GmbH<\/strong><\/p>\n<p dir=\"LTR\" align=\"LEFT\">\u00c4u\u00dfere Sulzbacher Str. 100<\/p>\n<p dir=\"LTR\" align=\"LEFT\">90491 N\u00fcrnberg<\/p>\n<p dir=\"LTR\" align=\"LEFT\">Tel.: +49 (9 11) 91 93-0<\/p>\n<p dir=\"LTR\" align=\"LEFT\">Fax: +49 (9 11) 91 93-19 00<\/p>\n<p dir=\"LTR\" align=\"LEFT\"><span style=\"font-family: Verdana; font-size: small;\"><span style=\"font-family: Verdana; font-size: small;\">E-Mail: <\/span><\/span><a href=\"mailto:info@roedl.de\"><span style=\"font-family: Verdana; font-size: small;\"><span style=\"font-family: Verdana; font-size: small;\"><span lang=\"DE\">info@roedl.de<\/span><\/span><\/span><\/a><\/p>\n<p dir=\"LTR\" align=\"LEFT\"><strong>Gesch\u00e4ftsf\u00fchrer:<\/strong><\/p>\n<p dir=\"LTR\" align=\"LEFT\">Heiko Pech<\/p>\n<p dir=\"LTR\" align=\"LEFT\"><span style=\"font-family: Verdana; font-size: small;\"><span style=\"font-family: Verdana; font-size: small;\">Michael Kolbenschlag<\/span><\/span><span style=\"color: #58585a; font-family: Verdana; font-size: small;\"><span style=\"color: #58585a; font-family: Verdana; font-size: small;\"><span style=\"color: #58585a; font-family: Verdana; font-size: small;\"><br \/>\n<\/span><\/span><\/span><\/p>\n<p dir=\"LTR\" align=\"LEFT\"><strong>Handelsregister:<\/strong><\/p>\n<p dir=\"LTR\" align=\"LEFT\">Amtsgericht N\u00fcrnberg, HRB 17126<\/p>\n<p dir=\"LTR\" align=\"LEFT\"><strong>Umsatzsteuer-ID:<\/strong><\/p>\n<p dir=\"LTR\" align=\"LEFT\">DE 292688673<\/p>\n<p dir=\"LTR\" align=\"LEFT\"><span style=\"font-family: Verdana; font-size: small;\"><span style=\"font-family: Verdana; font-size: small;\"><br \/>\nZur au\u00dfergerichtlichen Beilegung von Streitigkeiten, die aus Online-Rechtsgesch\u00e4ften entstanden sind, hat die Europ\u00e4ische Union unter folgendem Link eine Online-Plattform (\u201eOS-Plattform&#8221;) eingerichtet: <\/span><\/span><a href=\"http:\/\/www.ec.europa.eu\/consumers\/odr\/\/t_blank\"><span style=\"font-family: Verdana; font-size: small;\"><span style=\"font-family: Verdana; font-size: small;\"><span lang=\"DE\">www.ec.europa.eu\/consumers\/odr\/<\/span><\/span><\/span><\/a><span style=\"font-family: Verdana; font-size: small;\"><span style=\"font-family: Verdana; font-size: small;\"><span lang=\"DE\">.<\/span><\/span><\/span><\/p>\n","protected":false},"excerpt":{"rendered":"<p>Angaben nach \u00a7 5 Telemediengesetz (German Telemedia Act): Anbieter: R\u00f6dl IT-Consulting GmbH \u00c4u\u00dfere Sulzbacher Str. 100 90491 N\u00fcrnberg Tel.: +49 (9 11) 91 93-0 Fax: +49 (9 11) 91 93-19 00 E-Mail: info@roedl.de Gesch\u00e4ftsf\u00fchrer: Heiko Pech Michael Kolbenschlag Handelsregister: Amtsgericht N\u00fcrnberg, HRB 17126 Umsatzsteuer-ID: DE 292688673 Zur au\u00dfergerichtlichen Beilegung von Streitigkeiten, die aus Online-Rechtsgesch\u00e4ften entstanden [&hellip;]<\/p>\n","protected":false},"author":326,"featured_media":0,"parent":0,"menu_order":0,"comment_status":"closed","ping_status":"closed","template":"template-standard.php","meta":{"_acf_changed":false,"_exactmetrics_skip_tracking":false,"_exactmetrics_sitenote_active":false,"_exactmetrics_sitenote_note":"","_exactmetrics_sitenote_category":0,"footnotes":""},"class_list":["post-54","page","type-page","status-publish","hentry"],"acf":[],"yoast_head":"<!-- This site is optimized with the Yoast SEO plugin v27.5 - https:\/\/yoast.com\/product\/yoast-seo-wordpress\/ -->\n<title>Impressum : Renerex: Renewable Energy Exchange<\/title>\n<meta name=\"description\" content=\"With RENEREX R\u00f6dl &amp; Partner provides a platform for a secure exchange of project information between investors and project developers \/ project vendors. Thereby the project developers \/ project vendors stay in control on which information is shared with potential investors and investors have the possibility to search specifically for a particular technology or country.\" \/>\n<meta name=\"robots\" content=\"index, follow, max-snippet:-1, max-image-preview:large, max-video-preview:-1\" \/>\n<link rel=\"canonical\" href=\"https:\/\/www.renerex.com\/de\/impressum\/\" \/>\n<meta property=\"og:locale\" content=\"de_DE\" \/>\n<meta property=\"og:type\" content=\"article\" \/>\n<meta property=\"og:title\" content=\"Impressum : Renerex: Renewable Energy Exchange\" \/>\n<meta property=\"og:description\" content=\"With RENEREX R\u00f6dl &amp; Partner provides a platform for a secure exchange of project information between investors and project developers \/ project vendors. Thereby the project developers \/ project vendors stay in control on which information is shared with potential investors and investors have the possibility to search specifically for a particular technology or country.\" \/>\n<meta property=\"og:url\" content=\"https:\/\/www.renerex.com\/de\/impressum\/\" \/>\n<meta property=\"og:site_name\" content=\"Renerex: Renewable Energy Exchange\" \/>\n<meta property=\"article:modified_time\" content=\"2018-06-19T03:51:20+00:00\" \/>\n<meta name=\"twitter:card\" content=\"summary_large_image\" \/>\n<script type=\"application\/ld+json\" class=\"yoast-schema-graph\">{\"@context\":\"https:\\\/\\\/schema.org\",\"@graph\":[{\"@type\":\"WebPage\",\"@id\":\"https:\\\/\\\/www.renerex.com\\\/de\\\/impressum\\\/\",\"url\":\"https:\\\/\\\/www.renerex.com\\\/de\\\/impressum\\\/\",\"name\":\"Impressum : Renerex: Renewable Energy Exchange\",\"isPartOf\":{\"@id\":\"https:\\\/\\\/www.renerex.com\\\/#website\"},\"datePublished\":\"2018-01-03T03:29:00+00:00\",\"dateModified\":\"2018-06-19T03:51:20+00:00\",\"description\":\"With RENEREX R\u00f6dl & Partner provides a platform for a secure exchange of project information between investors and project developers \\\/ project vendors. Thereby the project developers \\\/ project vendors stay in control on which information is shared with potential investors and investors have the possibility to search specifically for a particular technology or country.\",\"breadcrumb\":{\"@id\":\"https:\\\/\\\/www.renerex.com\\\/de\\\/impressum\\\/#breadcrumb\"},\"inLanguage\":\"de\",\"potentialAction\":[{\"@type\":\"ReadAction\",\"target\":[\"https:\\\/\\\/www.renerex.com\\\/de\\\/impressum\\\/\"]}]},{\"@type\":\"BreadcrumbList\",\"@id\":\"https:\\\/\\\/www.renerex.com\\\/de\\\/impressum\\\/#breadcrumb\",\"itemListElement\":[{\"@type\":\"ListItem\",\"position\":1,\"name\":\"Home\",\"item\":\"https:\\\/\\\/www.renerex.com\\\/de\\\/\"},{\"@type\":\"ListItem\",\"position\":2,\"name\":\"Impressum\"}]},{\"@type\":\"WebSite\",\"@id\":\"https:\\\/\\\/www.renerex.com\\\/#website\",\"url\":\"https:\\\/\\\/www.renerex.com\\\/\",\"name\":\"Renerex: Renewable Energy Exchange\",\"description\":\"R\u00f6dl &amp; Partner\",\"potentialAction\":[{\"@type\":\"SearchAction\",\"target\":{\"@type\":\"EntryPoint\",\"urlTemplate\":\"https:\\\/\\\/www.renerex.com\\\/?s={search_term_string}\"},\"query-input\":{\"@type\":\"PropertyValueSpecification\",\"valueRequired\":true,\"valueName\":\"search_term_string\"}}],\"inLanguage\":\"de\"}]}<\/script>\n<!-- \/ Yoast SEO plugin. -->","yoast_head_json":{"title":"Impressum : Renerex: Renewable Energy Exchange","description":"With RENEREX R\u00f6dl & Partner provides a platform for a secure exchange of project information between investors and project developers \/ project vendors. Thereby the project developers \/ project vendors stay in control on which information is shared with potential investors and investors have the possibility to search specifically for a particular technology or country.","robots":{"index":"index","follow":"follow","max-snippet":"max-snippet:-1","max-image-preview":"max-image-preview:large","max-video-preview":"max-video-preview:-1"},"canonical":"https:\/\/www.renerex.com\/de\/impressum\/","og_locale":"de_DE","og_type":"article","og_title":"Impressum : Renerex: Renewable Energy Exchange","og_description":"With RENEREX R\u00f6dl & Partner provides a platform for a secure exchange of project information between investors and project developers \/ project vendors. Thereby the project developers \/ project vendors stay in control on which information is shared with potential investors and investors have the possibility to search specifically for a particular technology or country.","og_url":"https:\/\/www.renerex.com\/de\/impressum\/","og_site_name":"Renerex: Renewable Energy Exchange","article_modified_time":"2018-06-19T03:51:20+00:00","twitter_card":"summary_large_image","schema":{"@context":"https:\/\/schema.org","@graph":[{"@type":"WebPage","@id":"https:\/\/www.renerex.com\/de\/impressum\/","url":"https:\/\/www.renerex.com\/de\/impressum\/","name":"Impressum : Renerex: Renewable Energy Exchange","isPartOf":{"@id":"https:\/\/www.renerex.com\/#website"},"datePublished":"2018-01-03T03:29:00+00:00","dateModified":"2018-06-19T03:51:20+00:00","description":"With RENEREX R\u00f6dl & Partner provides a platform for a secure exchange of project information between investors and project developers \/ project vendors. Thereby the project developers \/ project vendors stay in control on which information is shared with potential investors and investors have the possibility to search specifically for a particular technology or country.","breadcrumb":{"@id":"https:\/\/www.renerex.com\/de\/impressum\/#breadcrumb"},"inLanguage":"de","potentialAction":[{"@type":"ReadAction","target":["https:\/\/www.renerex.com\/de\/impressum\/"]}]},{"@type":"BreadcrumbList","@id":"https:\/\/www.renerex.com\/de\/impressum\/#breadcrumb","itemListElement":[{"@type":"ListItem","position":1,"name":"Home","item":"https:\/\/www.renerex.com\/de\/"},{"@type":"ListItem","position":2,"name":"Impressum"}]},{"@type":"WebSite","@id":"https:\/\/www.renerex.com\/#website","url":"https:\/\/www.renerex.com\/","name":"Renerex: Renewable Energy Exchange","description":"R\u00f6dl &amp; Partner","potentialAction":[{"@type":"SearchAction","target":{"@type":"EntryPoint","urlTemplate":"https:\/\/www.renerex.com\/?s={search_term_string}"},"query-input":{"@type":"PropertyValueSpecification","valueRequired":true,"valueName":"search_term_string"}}],"inLanguage":"de"}]}},"_links":{"self":[{"href":"https:\/\/www.renerex.com\/de\/wp-json\/wp\/v2\/pages\/54","targetHints":{"allow":["GET"]}}],"collection":[{"href":"https:\/\/www.renerex.com\/de\/wp-json\/wp\/v2\/pages"}],"about":[{"href":"https:\/\/www.renerex.com\/de\/wp-json\/wp\/v2\/types\/page"}],"author":[{"embeddable":true,"href":"https:\/\/www.renerex.com\/de\/wp-json\/wp\/v2\/users\/326"}],"replies":[{"embeddable":true,"href":"https:\/\/www.renerex.com\/de\/wp-json\/wp\/v2\/comments?post=54"}],"version-history":[{"count":3,"href":"https:\/\/www.renerex.com\/de\/wp-json\/wp\/v2\/pages\/54\/revisions"}],"predecessor-version":[{"id":3873,"href":"https:\/\/www.renerex.com\/de\/wp-json\/wp\/v2\/pages\/54\/revisions\/3873"}],"wp:attachment":[{"href":"https:\/\/www.renerex.com\/de\/wp-json\/wp\/v2\/media?parent=54"}],"curies":[{"name":"wp","href":"https:\/\/api.w.org\/{rel}","templated":true}]}}